{"id":3362,"date":"2021-09-10T21:28:18","date_gmt":"2021-09-10T18:28:18","guid":{"rendered":"https:\/\/www.demirglobal.com.tr\/tarihce\/"},"modified":"2025-06-29T22:03:42","modified_gmt":"2025-06-29T19:03:42","slug":"our-history","status":"publish","type":"page","link":"https:\/\/www.demirglobal.com.tr\/en\/our-history\/","title":{"rendered":"Our History"},"content":{"rendered":"<div class=\"wpb-content-wrapper\"><p>[vc_row][vc_column css=&#8221;.vc_custom_1631439315859{padding-right: 40px !important;padding-left: 40px !important;}&#8221;]<div id=\"cz_97022\" class=\"cz_97022 cz_title clr cz_mobile_text_center cz_title_pos_inline\"><div class=\"cz_title_content\"><div class=\"cz_wpe_content\"><p><span style=\"font-size: 18px; color: #aaaaaa;\">Demir Global Logistics<\/span><\/p>\n<h3><span style=\"font-size: 36px;\">OUR HISTORY<\/span><\/h3>\n<\/div><\/div><\/div><div class=\"cz_gap clr \" style=\"height: 22px\"><\/div><div id=\"cz_48451\" class=\"cz_48451 cz_title clr cz_mobile_text_center cz_title_pos_inline\"><div class=\"cz_title_content\"><div class=\"cz_wpe_content\"><p style=\"text-align: justify;\">As Demirler Customs Brokerage Limited Company, which was established in 1993, we have founded <strong>Demir Global Support Logistics Services Limited Company<\/strong> under the umbrella of Demir Group in 2012, in order to meet the needs of the developing international world, in line with the conditions of the day, upon the demands of our customers.<\/p>\n<p style=\"text-align: justify;\">With its experienced and well-practiced staff, Demir Global Logistics provides market research, purchasing, consultancy and logistics services all over the world with the belief of the best quality service at the most affordable price.<\/p>\n<\/div><\/div><\/div><div class=\"cz_gap clr \" style=\"height: 35px\"><\/div>[\/vc_column][\/vc_row][vc_row disable_element=&#8221;yes&#8221;][vc_column css=&#8221;.vc_custom_1631439315859{padding-right: 40px !important;padding-left: 40px !important;}&#8221;]<div id=\"cz_34280\" class=\"cz_34280 cz_title clr cz_mobile_text_center cz_title_pos_inline\"><div class=\"cz_title_content\"><div class=\"cz_wpe_content\"><p><span style=\"font-size: 18px; color: #aaaaaa;\">Demir Global Lojistik<\/span><\/p>\n<h3><span style=\"font-size: 36px;\">TAR\u0130H\u00c7EM\u0130Z<\/span><\/h3>\n<\/div><\/div><\/div><div class=\"cz_gap clr \" style=\"height: 22px\"><\/div><div id=\"cz_40176\" class=\"cz_40176 cz_title clr cz_mobile_text_center cz_title_pos_inline\"><div class=\"cz_title_content\"><div class=\"cz_wpe_content\"><p style=\"text-align: justify;\"><strong>DEM\u0130RLER G\u00dcMR\u00dcK M\u00dc\u015eAV\u0130RL\u0130\u011e\u0130<\/strong>, G\u00fcmr\u00fckleme hizmetlerine yepyeni bir ak\u0131\u015f ve hizmet anlay\u0131\u015f\u0131 getirmi\u015f, G\u00fcmr\u00fck M\u00fc\u015favirli\u011fi\u2019nin sadece G\u00fcmr\u00fc\u011fe gelen malzemelerin i\u015flemlerini yapmak de\u011fil, \u00f6ncesi ve sonras\u0131 geni\u015f kapsaml\u0131 bir dan\u0131\u015fmanl\u0131k hizmeti oldu\u011fu bilinci ile hareket eden bir firma olman\u0131n gururu ile D\u0131\u015f Ticaretinizde tek merkezden \u00e7\u00f6z\u00fcm noktas\u0131 haline gelmi\u015ftir. S\u0131n\u0131rs\u0131z hizmet ve ko\u015fulsuz m\u00fc\u015fteri memnuniyetinin bir par\u00e7as\u0131 olarak bilgiye \u00f6nem veren\u00a0<strong>DEM\u0130RLER G\u00dcMR\u00dcK M\u00dc\u015eAV\u0130RL\u0130\u011e\u0130<\/strong>, D\u0131\u015f Ticaret\u2019te ihtiya\u00e7 ve beklentilerinize paralel olarak 1993 senesinden beri kendisini her zaman yenileyen, \u00fclke \u00e7ap\u0131na yay\u0131lan bilgi a\u011f\u0131m\u0131zla soru ve sorular\u0131n\u0131za cevap vererek, bilgi birikimi ustal\u0131\u011f\u0131 ta\u015f\u0131yan gen\u00e7 bir ekiptir. Rakiplerinizden bir ad\u0131m \u00f6nde olabilmeniz i\u00e7in d\u0131\u015f ticaretteki faaliyet alan\u0131n\u0131zla ilgili her de\u011fi\u015fiklik ve yenilikleri resmi gazetede ba\u015fta olmak \u00fczere 3 ayr\u0131 yay\u0131ndan takip etmek ve \u00e7\u00f6z\u00fcm yollar\u0131yla birlikte an\u0131nda size ula\u015ft\u0131rarak bilgilendirmek ba\u015fl\u0131ca g\u00f6revlerimiz aras\u0131ndad\u0131r.<\/p>\n<p style=\"text-align: justify;\"><strong>DEM\u0130RLER G\u00dcMR\u00dcKLEME<\/strong>\u00a0\u00c7\u00f6z\u00fcm orta\u011f\u0131 olan Evrim yaz\u0131l\u0131m program\u0131 ile G\u00fcmr\u00fck M\u00fcd\u00fcrl\u00fc\u011f\u00fc\u2019n\u00fc kendi ofisine ta\u015f\u0131m\u0131z ve M\u00fcste\u015farl\u0131k ile on-line ba\u011flant\u0131 sayesinde ofisten beyanname kontrol ve tescil i\u015flemleri yaparak i\u015flemlerin daha h\u0131zl\u0131 ve g\u00fcvenilir olmas\u0131n\u0131 sa\u011flam\u0131\u015ft\u0131r. \u0130thalata ve ihracata konu malzeme hakk\u0131nda bilgi verildi\u011fi andan itibaren t\u00fcm mevzuat ara\u015ft\u0131r\u0131larak \u00f6n haz\u0131rl\u0131klara ba\u015flan\u0131lmakta ve evraklar\u0131n\u0131z\u0131 eksiksiz teslim al\u0131n\u0131p herhangi bir kurum iznine tabi olmad\u0131\u011f\u0131 takdirde ertesi g\u00fcn mesai bitimine kadar ithalat ve ihracat i\u015flemleriniz tamamlanmaktad\u0131r.<\/p>\n<p style=\"text-align: justify;\"><strong>DEM\u0130RLER G\u00dcMR\u00dcK M\u00dc\u015eAV\u0130RL\u0130\u011e\u0130\u00a0<\/strong>olarak; deneyimli, bilgili, g\u00fcvenli, uyumlu ve insani ili\u015fkilerinde sevgi ve sayg\u0131y\u0131 esas alan, s\u00fcrekli kendini geli\u015ftiren kadromuzla hizmet alan\u0131m\u0131zda daima iyiden yana iddialar\u0131m\u0131zla g\u00f6reve haz\u0131r\u0131z.<\/p>\n<\/div><\/div><\/div><div class=\"cz_gap clr \" style=\"height: 35px\"><\/div>[\/vc_column][\/vc_row][vc_row][vc_column css=&#8221;.vc_custom_1631445106326{padding-right: 40px !important;padding-left: 40px !important;}&#8221;]<div id=\"cz_75833\" class=\"cz_75833\"><div class=\"cz_history_1 cz_has_year\"><span>1993<\/span><div><div id=\"cz_71848\" class=\"cz_71848 cz_title clr cz_title_pos_inline\"><div class=\"cz_title_content\"><div class=\"cz_wpe_content\"><h3><span style=\"font-size: 20px;\">ESTABLISHMENT<\/span><\/h3>\n<\/div><\/div><\/div>[vc_column_text]<\/p>\n<p style=\"text-align: justify;\"><span style=\"color: #666666; font-size: 16px;\">Demirler Customs Brokerage was established.<\/span><\/p>\n<p>[\/vc_column_text]<div class=\"cz_gap clr \" style=\"height: 35px\"><\/div><\/div><\/div><\/div><div id=\"cz_104647\" class=\"cz_104647\"><div class=\"cz_history_1 cz_has_year\"><span>1995<\/span><div><div id=\"cz_101767\" class=\"cz_101767 cz_title clr cz_title_pos_inline\"><div class=\"cz_title_content\"><div class=\"cz_wpe_content\"><h3><span style=\"font-size: 20px;\">BRANCHING<\/span><\/h3>\n<\/div><\/div><\/div>[vc_column_text]<\/p>\n<p style=\"text-align: justify;\"><span style=\"color: #666666; font-size: 16px;\">With the experience gained over the years, a period of rapid rise has begun in the sector.<\/span><\/p>\n<p>[\/vc_column_text]<div class=\"cz_gap clr \" style=\"height: 35px\"><\/div><\/div><\/div><\/div><div id=\"cz_77313\" class=\"cz_77313\"><div class=\"cz_history_1 cz_has_year\"><span>2009<\/span><div><div id=\"cz_43313\" class=\"cz_43313 cz_title clr cz_title_pos_inline\"><div class=\"cz_title_content\"><div class=\"cz_wpe_content\"><h3><span style=\"font-size: 20px;\">INSTITUTIONALIZATION WORKS<\/span><\/h3>\n<\/div><\/div><\/div>[vc_column_text]<\/p>\n<p style=\"text-align: justify;\"><span style=\"color: #666666; font-size: 16px;\">We continue to expand our branches and liaison offices in different provinces of Turkey.<\/span><\/p>\n<p>[\/vc_column_text]<div class=\"cz_gap clr \" style=\"height: 35px\"><\/div><\/div><\/div><\/div><div id=\"cz_52713\" class=\"cz_52713\"><div class=\"cz_history_1 cz_has_year\"><span>2010<\/span><div><div id=\"cz_109084\" class=\"cz_109084 cz_title clr cz_title_pos_inline\"><div class=\"cz_title_content\"><div class=\"cz_wpe_content\"><h3><span style=\"font-size: 20px;\">TRANSITION TO THE HEAD OFFICE<\/span><\/h3>\n<\/div><\/div><\/div>[vc_column_text]<\/p>\n<p style=\"text-align: justify;\"><span style=\"color: #666666; font-size: 16px;\">Moved to the head office in Istanbul Kad\u0131k\u00f6y.<\/span><\/p>\n<p>[\/vc_column_text]<div class=\"cz_gap clr \" style=\"height: 35px\"><\/div><\/div><\/div><\/div><div id=\"cz_52713\" class=\"cz_52713\"><div class=\"cz_history_1 cz_has_year\"><span>2010<\/span><div><div id=\"cz_42009\" class=\"cz_42009 cz_title clr cz_title_pos_inline\"><div class=\"cz_title_content\"><div class=\"cz_wpe_content\"><h3><span style=\"font-size: 20px;\">DEMIR GLOBAL LOGISTICS ORGANIZATION<\/span><\/h3>\n<\/div><\/div><\/div>[vc_column_text]<\/p>\n<p style=\"text-align: justify;\"><span style=\"color: #666666; font-size: 16px;\">Our company, which is aware of the fact that one of the biggest problems experienced by import and export companies is the damage that occurs during transportation, was established to operate in the Logistics sector by focusing on this issue sensitively.<\/span><\/p>\n<p>[\/vc_column_text]<div class=\"cz_gap clr \" style=\"height: 35px\"><\/div><\/div><\/div><\/div><div id=\"cz_52713\" class=\"cz_52713\"><div class=\"cz_history_1 cz_has_year\"><span>2010<\/span><div><div id=\"cz_108324\" class=\"cz_108324 cz_title clr cz_title_pos_inline\"><div class=\"cz_title_content\"><div class=\"cz_wpe_content\"><h3><span style=\"font-size: 20px;\">GROUP COMPANIES (DEMIR GROUP)<\/span><\/h3>\n<\/div><\/div><\/div>[vc_column_text]<\/p>\n<p style=\"text-align: justify;\"><span style=\"color: #666666; font-size: 16px;\">Our companies have become stronger under the Demir Group brand.<\/span><\/p>\n<p>[\/vc_column_text]<div class=\"cz_gap clr \" style=\"height: 35px\"><\/div><\/div><\/div><\/div><div id=\"cz_52713\" class=\"cz_52713\"><div class=\"cz_history_1 cz_has_year\"><span>2010<\/span><div><div id=\"cz_39576\" class=\"cz_39576 cz_title clr cz_title_pos_inline\"><div class=\"cz_title_content\"><div class=\"cz_wpe_content\"><h3><span style=\"font-size: 20px;\">DOCUMENT PURCHASES<\/span><\/h3>\n<\/div><\/div><\/div>[vc_column_text]<\/p>\n<p style=\"text-align: justify;\"><span style=\"color: #666666; font-size: 16px;\">We are constantly improving ourselves by obtaining ISO 9001 and 18001 certificates.<\/span><\/p>\n<p>[\/vc_column_text]<div class=\"cz_gap clr \" style=\"height: 35px\"><\/div><\/div><\/div><\/div><div id=\"cz_57422\" class=\"cz_57422\"><div class=\"cz_history_1 cz_has_year\"><span>2011<\/span><div><div id=\"cz_52683\" class=\"cz_52683 cz_title clr cz_title_pos_inline\"><div class=\"cz_title_content\"><div class=\"cz_wpe_content\"><h3><span style=\"font-size: 20px;\">SERVICE NETWORK EXPANSION<\/span><\/h3>\n<\/div><\/div><\/div>[vc_column_text]<\/p>\n<p style=\"text-align: justify;\"><span style=\"color: #666666; font-size: 16px;\">We continue to expand our branches and liaison offices in different provinces of Turkey.<\/span><\/p>\n<p>[\/vc_column_text]<div class=\"cz_gap clr \" style=\"height: 35px\"><\/div><\/div><\/div><\/div><div id=\"cz_18195\" class=\"cz_18195\"><div class=\"cz_history_1 cz_has_year\"><span>2013<\/span><div><div id=\"cz_16270\" class=\"cz_16270 cz_title clr cz_title_pos_inline\"><div class=\"cz_title_content\"><div class=\"cz_wpe_content\"><h3><span style=\"font-size: 20px;\">BRANDING<\/span><\/h3>\n<\/div><\/div><\/div>[vc_column_text]<\/p>\n<p style=\"text-align: justify;\"><span style=\"color: #666666; font-size: 16px;\">Branding was initiated to provide services in a standard and corporate structure.<\/span><\/p>\n<p>[\/vc_column_text]<div class=\"cz_gap clr \" style=\"height: 35px\"><\/div><\/div><\/div><\/div><div id=\"cz_36448\" class=\"cz_36448\"><div class=\"cz_history_1 cz_has_year\"><span>2018<\/span><div><div id=\"cz_26640\" class=\"cz_26640 cz_title clr cz_title_pos_inline\"><div class=\"cz_title_content\"><div class=\"cz_wpe_content\"><h3><span style=\"font-size: 20px;\">IZMIR BRANCH OPENING<\/span><\/h3>\n<\/div><\/div><\/div>[vc_column_text]<\/p>\n<p style=\"text-align: justify;\"><span style=\"color: #666666; font-size: 16px;\">We continue to expand our branches in different provinces of Turkey.<\/span><\/p>\n<p>[\/vc_column_text]<div class=\"cz_gap clr \" style=\"height: 35px\"><\/div><\/div><\/div><\/div><div id=\"cz_36448\" class=\"cz_36448\"><div class=\"cz_history_1 cz_has_year\"><span>2018<\/span><div><div id=\"cz_58677\" class=\"cz_58677 cz_title clr cz_title_pos_inline\"><div class=\"cz_title_content\"><div class=\"cz_wpe_content\"><h3><span style=\"font-size: 20px;\">TECHNOLOGICAL RENOVATION<\/span><\/h3>\n<\/div><\/div><\/div>[vc_column_text]<\/p>\n<p style=\"text-align: justify;\"><span style=\"color: #666666; font-size: 16px;\">Our Technological Infrastructure has been renewed in order to provide better and quality service.<\/span><\/p>\n<p>[\/vc_column_text]<div class=\"cz_gap clr \" style=\"height: 35px\"><\/div><\/div><\/div><\/div><div id=\"cz_101020\" class=\"cz_101020\"><div class=\"cz_history_1 cz_has_year\"><span>2018<\/span><div><div id=\"cz_16099\" class=\"cz_16099 cz_title clr cz_title_pos_inline\"><div class=\"cz_title_content\"><div class=\"cz_wpe_content\"><h3><span style=\"font-size: 20px;\">DOCUMENT OBTAINED<\/span><\/h3>\n<\/div><\/div><\/div>[vc_column_text]<\/p>\n<p style=\"text-align: justify;\"><span style=\"color: #666666; font-size: 16px;\">ISO 27001 certificate was obtained.<\/span><\/p>\n<p>[\/vc_column_text]<div class=\"cz_gap clr \" style=\"height: 35px\"><\/div><\/div><\/div><\/div><div id=\"cz_53953\" class=\"cz_53953\"><div class=\"cz_history_1 cz_has_year\"><span>2019<\/span><div><div id=\"cz_45854\" class=\"cz_45854 cz_title clr cz_title_pos_inline\"><div class=\"cz_title_content\"><div class=\"cz_wpe_content\"><h3><span style=\"font-size: 20px;\">ANKARA BRANCH OPENING<\/span><\/h3>\n<\/div><\/div><\/div>[vc_column_text]<\/p>\n<p style=\"text-align: justify;\"><span style=\"color: #666666; font-size: 16px;\">We continue to expand our branches in different provinces of Turkey.<\/span><\/p>\n<p>[\/vc_column_text]<div class=\"cz_gap clr \" style=\"height: 35px\"><\/div><\/div><\/div><\/div><div id=\"cz_29123\" class=\"cz_29123\"><div class=\"cz_history_1 cz_has_year\"><span>2019<\/span><div><div id=\"cz_33401\" class=\"cz_33401 cz_title clr cz_title_pos_inline\"><div class=\"cz_title_content\"><div class=\"cz_wpe_content\"><h3><span style=\"font-size: 20px;\">KONYA BRANCH OPENING<\/span><\/h3>\n<\/div><\/div><\/div>[vc_column_text]<\/p>\n<p style=\"text-align: justify;\"><span style=\"color: #666666; font-size: 16px;\">Demir Group continues to offer its corporate services and branching in a fast and high quality manner with 11 branches and 6 liaison offices.<\/span><\/p>\n<p>[\/vc_column_text]<div class=\"cz_gap clr \" style=\"height: 35px\"><\/div><\/div><\/div><\/div><div id=\"cz_13340\" class=\"cz_13340\"><div class=\"cz_history_1 cz_has_year\"><span>2019<\/span><div><div id=\"cz_40154\" class=\"cz_40154 cz_title clr cz_title_pos_inline\"><div class=\"cz_title_content\"><div class=\"cz_wpe_content\"><h3><span style=\"font-size: 20px;\">TIO DOCUMENT OBTAINED<\/span><\/h3>\n<\/div><\/div><\/div>[vc_column_text]<\/p>\n<p style=\"text-align: justify;\"><span style=\"color: #666666; font-size: 16px;\">We start to service with TIO Authorization Certificate<\/span><\/p>\n<p>[\/vc_column_text]<div class=\"cz_gap clr \" style=\"height: 35px\"><\/div><\/div><\/div><\/div><div id=\"cz_46243\" class=\"cz_46243\"><div class=\"cz_history_1 cz_has_year\"><span>2020<\/span><div><div id=\"cz_30006\" class=\"cz_30006 cz_title clr cz_title_pos_inline\"><div class=\"cz_title_content\"><div class=\"cz_wpe_content\"><h3><span style=\"font-size: 20px;\">DG DEMIR GROUP CUSTOMS BROKERAGE<\/span><\/h3>\n<\/div><\/div><\/div>[vc_column_text]<\/p>\n<p style=\"text-align: justify;\"><span style=\"color: #666666; font-size: 16px;\">As Demir Group, we established the DG Demir Group Customs Consultancy firm.<\/span><\/p>\n<p>[\/vc_column_text]<div class=\"cz_gap clr \" style=\"height: 35px\"><\/div><\/div><\/div><\/div><div id=\"cz_72431\" class=\"cz_72431\"><div class=\"cz_history_1 cz_has_year\"><span>2022<\/span><div><div id=\"cz_74865\" class=\"cz_74865 cz_title clr cz_title_pos_inline\"><div class=\"cz_title_content\"><div class=\"cz_wpe_content\"><h3><span style=\"font-size: 20px;\">ISKENDERUN BRANCH OPENING<\/span><\/h3>\n<\/div><\/div><\/div>[vc_column_text]<\/p>\n<p style=\"text-align: justify;\"><span style=\"color: #666666; font-size: 16px;\">We are growing step by step.<\/span><\/p>\n<p>[\/vc_column_text]<div class=\"cz_gap clr \" style=\"height: 35px\"><\/div><\/div><\/div><\/div><div id=\"cz_16347\" class=\"cz_16347\"><div class=\"cz_history_1 cz_has_year\"><span>2023<\/span><div><div id=\"cz_103491\" class=\"cz_103491 cz_title clr cz_title_pos_inline\"><div class=\"cz_title_content\"><div class=\"cz_wpe_content\"><h3><span style=\"font-size: 20px;\">DEMIR GROUP CERTIFICATION<\/span><\/h3>\n<\/div><\/div><\/div>[vc_column_text css=&#8221;&#8221;]<\/p>\n<p style=\"text-align: justify;\"><span style=\"color: #666666; font-size: 16px;\">As Demir Group, we established the Demir Group Certification firm.<\/span><\/p>\n<p>[\/vc_column_text]<div class=\"cz_gap clr \" style=\"height: 35px\"><\/div><\/div><\/div><\/div><div id=\"cz_16347\" class=\"cz_16347\"><div class=\"cz_history_1 cz_has_year\"><span>2023<\/span><div><div id=\"cz_107188\" class=\"cz_107188 cz_title clr cz_title_pos_inline\"><div class=\"cz_title_content\"><div class=\"cz_wpe_content\"><h3><span style=\"font-size: 20px;\">TEK\u0130RDA\u011e BRANCH OPENING<\/span><\/h3>\n<\/div><\/div><\/div>[vc_column_text css=&#8221;&#8221;]<\/p>\n<p style=\"text-align: justify;\"><span style=\"color: #666666; font-size: 16px;\">We continue to expand our branches in different provinces of Turkey.<\/span><\/p>\n<p>&nbsp;[\/vc_column_text]<div class=\"cz_gap clr \" style=\"height: 35px\"><\/div><\/div><\/div><\/div><div class=\"cz_gap clr  hide_on_tablet hide_on_mobile\" style=\"height: 150px\"><\/div><div class=\"cz_gap show_on_tablet clr \" style=\"height: 100px\"><\/div>[\/vc_column][\/vc_row][vc_row][vc_column]<div class=\"cz_gap clr \" style=\"height: 50px\"><\/div><div id=\"cz_36760\" class=\"cz_36760 cz_title clr cz_title_pos_inline tac\"><div class=\"cz_title_content\"><div class=\"cz_wpe_content\"><p style=\"text-align: center;\"><span style=\"font-size: 18px; color: #aaaaaa;\">Demir Global Logistics<\/span><\/p>\n<h3 style=\"text-align: center;\"><span style=\"font-size: 36px;\">CONTACT US<span style=\"color: #002699;\">\u00a0<span style=\"color: #ed8d35;\">FOR REFERANCES<\/span><\/span><\/span><\/h3>\n<\/div><\/div><\/div><div class=\"cz_btn_center\"><div class=\"cz_105385_p\"><a id=\"cz_105385\" class=\"cz_105385 cz_btn cz_btn_subtitle cz_btn_txt_no_fx cz_btn_zoom_out\" href=\"mailto:iletisim@demirlergumruk.com.tr?subject=referans\" target=\"_blank\"><span><i class=\"fa czico-085-multimedia-1\"><\/i><strong>For Our Referances<small>Send Mail<\/small><\/strong><\/span><b class=\"cz_btn_onhover\"><i class=\"fa czico-085-multimedia-1\"><\/i><strong>For Our Referances<small>Send Mail<\/small><\/strong><\/b><\/a><\/div><\/div>[\/vc_column][\/vc_row]<\/p>\n<\/div>","protected":false},"excerpt":{"rendered":"[vc_row][vc_column css=\".vc_custom_1631439315859{padding-right: 40px !important;padding-left: 40px !important;}\"]Demir Global Logistics OUR HISTORY As Demirler Customs Brokerage Limited Company, which was established in","protected":false},"author":1,"featured_media":0,"parent":0,"menu_order":22,"comment_status":"closed","ping_status":"closed","template":"","meta":{"footnotes":""},"class_list":["post-3362","page","type-page","status-publish","hentry"],"_links":{"self":[{"href":"https:\/\/www.demirglobal.com.tr\/en\/wp-json\/wp\/v2\/pages\/3362","targetHints":{"allow":["GET"]}}],"collection":[{"href":"https:\/\/www.demirglobal.com.tr\/en\/wp-json\/wp\/v2\/pages"}],"about":[{"href":"https:\/\/www.demirglobal.com.tr\/en\/wp-json\/wp\/v2\/types\/page"}],"author":[{"embeddable":true,"href":"https:\/\/www.demirglobal.com.tr\/en\/wp-json\/wp\/v2\/users\/1"}],"replies":[{"embeddable":true,"href":"https:\/\/www.demirglobal.com.tr\/en\/wp-json\/wp\/v2\/comments?post=3362"}],"version-history":[{"count":9,"href":"https:\/\/www.demirglobal.com.tr\/en\/wp-json\/wp\/v2\/pages\/3362\/revisions"}],"predecessor-version":[{"id":3855,"href":"https:\/\/www.demirglobal.com.tr\/en\/wp-json\/wp\/v2\/pages\/3362\/revisions\/3855"}],"wp:attachment":[{"href":"https:\/\/www.demirglobal.com.tr\/en\/wp-json\/wp\/v2\/media?parent=3362"}],"curies":[{"name":"wp","href":"https:\/\/api.w.org\/{rel}","templated":true}]}}