{"id":3519,"date":"2021-10-17T22:03:03","date_gmt":"2021-10-17T19:03:03","guid":{"rendered":"https:\/\/www.demirglobal.com.tr\/teklif-al\/"},"modified":"2022-02-24T01:40:44","modified_gmt":"2022-02-23T22:40:44","slug":"get-offer","status":"publish","type":"page","link":"https:\/\/www.demirglobal.com.tr\/en\/get-offer\/","title":{"rendered":"Get Offer"},"content":{"rendered":"<div class=\"wpb-content-wrapper\"><p>[vc_row disable_element=&#8221;yes&#8221; css=&#8221;.vc_custom_1634499091157{padding-top: 80px !important;padding-bottom: 80px !important;}&#8221;][vc_column width=&#8221;1\/3&#8243;]<div class=\"cz_eqh cz_content_box_parent_fx  \"><div id=\"cz_94730\" class=\"cz_94730 cz_content_box clr\"><div class=\"cz_box_front clr\"><div class=\"cz_box_front_inner clr \"><span><\/span><div><div id=\"cz_76703\" class=\"cz_76703 cz_title clr cz_title_has_icon cz_title_pos_block\"><div class=\"cz_title_content\"><div class=\"cz_wpe_content\"><p><span style=\"font-size: 28px;\"><strong>M\u00dc\u015eTER\u0130<\/strong><\/span><\/p>\n<h3><span style=\"font-size: 28px;\"><strong>PANEL\u0130<\/strong><\/span><\/h3>\n<\/div><i class=\"cz_title_icon_after fa czico-134-arrows-6 icon_after\"><\/i><\/div><\/div><\/div><\/div><\/div><\/div><\/div>[\/vc_column][vc_column width=&#8221;1\/3&#8243;]<div class=\"cz_btn_block\"><div class=\"cz_103798_p\"><a id=\"cz_103798\" class=\"cz_103798 cz_btn cz_btn_ghost_icon cz_btn_no_fx\" href=\"https:\/\/www.demirglobal.com.tr\/tasima-sekilleri\/\" title=\"Ta\u015f\u0131ma \u015eekilleri\" role=\"button\" tabindex=\"0\" aria-label=\"Ta\u015f\u0131ma \u015eekilleri\"><span><i class=\"fas fa-angle-double-right\"><\/i><strong>Ta\u015f\u0131ma \u015eekilleri<\/strong><\/span><b class=\"cz_btn_onhover\"><i class=\"fas fa-angle-double-right\"><\/i><strong>Ta\u015f\u0131ma \u015eekilleri<\/strong><\/b><\/a><\/div><\/div><div class=\"cz_gap clr \" style=\"height: 20px\"><\/div><div class=\"cz_btn_block\"><div class=\"cz_106024_p\"><a id=\"cz_106024\" class=\"cz_106024 cz_btn cz_btn_ghost_icon cz_btn_no_fx\" href=\"https:\/\/www.demirglobal.com.tr\/konteynerler\/\" title=\"Konteynerler\" role=\"button\" tabindex=\"0\" aria-label=\"Konteynerler\"><span><i class=\"fas fa-angle-double-right\"><\/i><strong>Konteyner \u00d6l\u00e7\u00fcleri<\/strong><\/span><b class=\"cz_btn_onhover\"><i class=\"fas fa-angle-double-right\"><\/i><strong>Konteyner \u00d6l\u00e7\u00fcleri<\/strong><\/b><\/a><\/div><\/div><div class=\"cz_gap clr \" style=\"height: 20px\"><\/div><div class=\"cz_btn_block\"><div class=\"cz_29569_p\"><a id=\"cz_29569\" class=\"cz_29569 cz_btn cz_btn_ghost_icon cz_btn_no_fx\" href=\"https:\/\/www.demirglobal.com.tr\/tir-olculeri\/\" title=\"T\u0131r \u00d6l\u00e7\u00fcleri\" role=\"button\" tabindex=\"0\" aria-label=\"T\u0131r \u00d6l\u00e7\u00fcleri\"><span><i class=\"fas fa-angle-double-right\"><\/i><strong>T\u0131r \u00d6l\u00e7\u00fcleri<\/strong><\/span><b class=\"cz_btn_onhover\"><i class=\"fas fa-angle-double-right\"><\/i><strong>T\u0131r \u00d6l\u00e7\u00fcleri<\/strong><\/b><\/a><\/div><\/div><div class=\"cz_gap clr \" style=\"height: 20px\"><\/div><div class=\"cz_btn_block\"><div class=\"cz_51979_p\"><a id=\"cz_51979\" class=\"cz_51979 cz_btn cz_btn_ghost_icon cz_btn_no_fx\" href=\"https:\/\/www.demirglobal.com.tr\/cmr\/\" title=\"CMR\" role=\"button\" tabindex=\"0\" aria-label=\"CMR\"><span><i class=\"fas fa-angle-double-right\"><\/i><strong>CMR<\/strong><\/span><b class=\"cz_btn_onhover\"><i class=\"fas fa-angle-double-right\"><\/i><strong>CMR<\/strong><\/b><\/a><\/div><\/div><div class=\"cz_gap clr \" style=\"height: 20px\"><\/div>[\/vc_column][vc_column width=&#8221;1\/3&#8243;]<div class=\"cz_btn_block\"><div class=\"cz_51388_p\"><a id=\"cz_51388\" class=\"cz_51388 cz_btn cz_btn_ghost_icon cz_btn_no_fx\" href=\"https:\/\/www.demirglobal.com.tr\/teslim-sekiller\/\" title=\"Teslim \u015eekilleri\" role=\"button\" tabindex=\"0\" aria-label=\"Teslim \u015eekilleri\"><span><i class=\"fas fa-angle-double-right\"><\/i><strong>Teslim \u015eekilleri<\/strong><\/span><b class=\"cz_btn_onhover\"><i class=\"fas fa-angle-double-right\"><\/i><strong>Teslim \u015eekilleri<\/strong><\/b><\/a><\/div><\/div><div class=\"cz_gap clr \" style=\"height: 20px\"><\/div><div class=\"cz_btn_block\"><div class=\"cz_39878_p\"><a id=\"cz_39878\" class=\"cz_39878 cz_btn cz_btn_ghost_icon cz_btn_no_fx\" href=\"https:\/\/www.demirglobal.com.tr\/odeme-sekilleri\/\" title=\"\u00d6deme \u015eekilleri\" role=\"button\" tabindex=\"0\" aria-label=\"\u00d6deme \u015eekilleri\"><span><i class=\"fas fa-angle-double-right\"><\/i><strong>\u00d6deme \u015eekilleri<\/strong><\/span><b class=\"cz_btn_onhover\"><i class=\"fas fa-angle-double-right\"><\/i><strong>\u00d6deme \u015eekilleri<\/strong><\/b><\/a><\/div><\/div><div class=\"cz_gap clr \" style=\"height: 20px\"><\/div><div class=\"cz_btn_block\"><div class=\"cz_93507_p\"><a id=\"cz_93507\" class=\"cz_93507 cz_btn cz_btn_ghost_icon cz_btn_no_fx\" href=\"https:\/\/www.demirglobal.com.tr\/terimler-sozlugu\/\" title=\"Terimler S\u00f6zl\u00fc\u011f\u00fc\" role=\"button\" tabindex=\"0\" aria-label=\"Terimler S\u00f6zl\u00fc\u011f\u00fc\"><span><i class=\"fas fa-angle-double-right\"><\/i><strong>Terimler S\u00f6zl\u00fc\u011f\u00fc<\/strong><\/span><b class=\"cz_btn_onhover\"><i class=\"fas fa-angle-double-right\"><\/i><strong>Terimler S\u00f6zl\u00fc\u011f\u00fc<\/strong><\/b><\/a><\/div><\/div><div class=\"cz_gap clr \" style=\"height: 20px\"><\/div><div class=\"cz_btn_block\"><div class=\"cz_67254_p\"><a id=\"cz_67254\" class=\"cz_67254 cz_btn cz_btn_ghost_icon cz_btn_no_fx\" href=\"https:\/\/www.demirglobal.com.tr\/yararli-linkler\/\" title=\"Yararl\u0131 Linkler\" role=\"button\" tabindex=\"0\" aria-label=\"Yararl\u0131 Linkler\"><span><i class=\"fas fa-angle-double-right\"><\/i><strong>Yararl\u0131 Linkler<\/strong><\/span><b class=\"cz_btn_onhover\"><i class=\"fas fa-angle-double-right\"><\/i><strong>Yararl\u0131 Linkler<\/strong><\/b><\/a><\/div><\/div><div class=\"cz_gap clr \" style=\"height: 20px\"><\/div>[\/vc_column][\/vc_row][vc_row full_width=&#8221;stretch_row&#8221; css=&#8221;.vc_custom_1634150579820{padding-top: 40px !important;padding-bottom: 15px !important;background-color: rgba(229,229,229,0.47) !important;*background-color: rgb(229,229,229) !important;}&#8221;][vc_column]<div id=\"cz_62114\" class=\"cz_62114 cz_title clr cz_mobile_text_center cz_title_pos_inline tac\"><div class=\"cz_title_content\"><div class=\"cz_wpe_content\"><p style=\"text-align: center;\"><span style=\"font-size: 18px; color: #aaaaaa;\">Demir Global Logistics<\/span><\/p>\n<h3 style=\"text-align: center;\"><span style=\"font-size: 36px;\">GET <span style=\"color: #ed8d35;\">OFFER<\/span><\/span><\/h3>\n<\/div><\/div><\/div>[vc_separator][\/vc_column][\/vc_row][vc_row][vc_column]<div class=\"cz_gap clr \" style=\"height: 50px\"><\/div>[\/vc_column][\/vc_row][vc_row][vc_column width=&#8221;1\/2&#8243;][vc_single_image image=&#8221;2072&#8243; img_size=&#8221;full&#8221;][vc_column_text]You can get price information with the Offer Form. Experience the difference of insured and guaranteed transportation. Get your safe transportation service with reliable international shipping and be comfortable.[\/vc_column_text][\/vc_column][vc_column width=&#8221;1\/2&#8243;][vc_column_text]<div class=\"wpforms-container wpforms-container-full\" id=\"wpforms-3500\"><form id=\"wpforms-form-3500\" class=\"wpforms-validate wpforms-form\" data-formid=\"3500\" method=\"post\" enctype=\"multipart\/form-data\" action=\"\/en\/wp-json\/wp\/v2\/pages\/3519\" data-token=\"284b19339dec5465b8536a48ebb64189\"><noscript class=\"wpforms-error-noscript\">Please enable JavaScript in your browser to complete this form.<\/noscript><div class=\"wpforms-field-container\"><div id=\"wpforms-3500-field_0-container\" class=\"wpforms-field wpforms-field-name\" data-field-id=\"0\"><label class=\"wpforms-field-label\" for=\"wpforms-3500-field_0\">First Name and Last Name <span class=\"wpforms-required-label\">*<\/span><\/label><input type=\"text\" id=\"wpforms-3500-field_0\" class=\"wpforms-field-large wpforms-field-required\" name=\"wpforms[fields][0]\" required><\/div><div id=\"wpforms-3500-field_8-container\" class=\"wpforms-field wpforms-field-text\" data-field-id=\"8\"><label class=\"wpforms-field-label\" for=\"wpforms-3500-field_8\">Your Company Name<\/label><input type=\"text\" id=\"wpforms-3500-field_8\" class=\"wpforms-field-large\" name=\"wpforms[fields][8]\" ><\/div><div id=\"wpforms-3500-field_9-container\" class=\"wpforms-field wpforms-field-text wpforms-one-half wpforms-first\" data-field-id=\"9\"><label class=\"wpforms-field-label\" for=\"wpforms-3500-field_9\">Your industry<\/label><input type=\"text\" id=\"wpforms-3500-field_9\" class=\"wpforms-field-large\" name=\"wpforms[fields][9]\" ><\/div><div id=\"wpforms-3500-field_6-container\" class=\"wpforms-field wpforms-field-select wpforms-one-half wpforms-field-select-style-modern\" data-field-id=\"6\"><label class=\"wpforms-field-label\" for=\"wpforms-3500-field_6\">Service Type<\/label><select id=\"wpforms-3500-field_6\" class=\"wpforms-field-large choicesjs-select\" data-size-class=\"wpforms-field-row wpforms-field-large\" data-search-enabled=\"1\" name=\"wpforms[fields][6]\"><option value=\"\" class=\"placeholder\" disabled  selected='selected'>Seaway<\/option><option value=\"Seaway\" >Seaway<\/option><option value=\"Road\" >Road<\/option><option value=\"Airline\" >Airline<\/option><option value=\"Integrated\" >Integrated<\/option><option value=\"Partial\" >Partial<\/option><option value=\"Domestic\" >Domestic<\/option><option value=\"Combined\" >Combined<\/option><option value=\"ETGB Services\" >ETGB Services<\/option><\/select><\/div><div id=\"wpforms-3500-field_7-container\" class=\"wpforms-field wpforms-field-phone wpforms-one-half wpforms-first\" data-field-id=\"7\"><label class=\"wpforms-field-label\" for=\"wpforms-3500-field_7\">Phone <span class=\"wpforms-required-label\">*<\/span><\/label><input type=\"tel\" id=\"wpforms-3500-field_7\" class=\"wpforms-field-large wpforms-field-required wpforms-smart-phone-field\" data-rule-smart-phone-field=\"true\" name=\"wpforms[fields][7]\" required><\/div><div id=\"wpforms-3500-field_2-container\" class=\"wpforms-field wpforms-field-email wpforms-one-half\" data-field-id=\"2\"><label class=\"wpforms-field-label\" for=\"wpforms-3500-field_2\">E-mail<\/label><input type=\"email\" id=\"wpforms-3500-field_2\" class=\"wpforms-field-large\" name=\"wpforms[fields][2]\" ><\/div><div id=\"wpforms-3500-field_11-container\" class=\"wpforms-field wpforms-field-checkbox\" data-field-id=\"11\"><ul id=\"wpforms-3500-field_11\" class=\"wpforms-field-required\"><li class=\"choice-1 depth-1\"><input type=\"checkbox\" id=\"wpforms-3500-field_11_1\" name=\"wpforms[fields][11][]\" value=\"I approve the use of my information within the scope of KVKK No. 6696.\" required ><label class=\"wpforms-field-label-inline\" for=\"wpforms-3500-field_11_1\">I approve the use of my information within the scope of KVKK No. 6696.<\/label><\/li><\/ul><\/div><\/div><div class=\"wpforms-submit-container\" ><input type=\"hidden\" name=\"wpforms[id]\" value=\"3500\"><input type=\"hidden\" name=\"wpforms[author]\" value=\"1\"><button type=\"submit\" name=\"wpforms[submit]\" class=\"wpforms-submit \" id=\"wpforms-submit-3500\" value=\"wpforms-submit\" aria-live=\"assertive\" >Get Offer<\/button><\/div><\/form><\/div>  <!-- .wpforms-container -->[\/vc_column_text][\/vc_column][\/vc_row]<\/p>\n<\/div>","protected":false},"excerpt":{"rendered":"<p>[vc_column &#8230; <\/p>\n","protected":false},"author":1,"featured_media":0,"parent":0,"menu_order":0,"comment_status":"closed","ping_status":"closed","template":"","meta":{"footnotes":""},"class_list":["post-3519","page","type-page","status-publish","hentry"],"_links":{"self":[{"href":"https:\/\/www.demirglobal.com.tr\/en\/wp-json\/wp\/v2\/pages\/3519","targetHints":{"allow":["GET"]}}],"collection":[{"href":"https:\/\/www.demirglobal.com.tr\/en\/wp-json\/wp\/v2\/pages"}],"about":[{"href":"https:\/\/www.demirglobal.com.tr\/en\/wp-json\/wp\/v2\/types\/page"}],"author":[{"embeddable":true,"href":"https:\/\/www.demirglobal.com.tr\/en\/wp-json\/wp\/v2\/users\/1"}],"replies":[{"embeddable":true,"href":"https:\/\/www.demirglobal.com.tr\/en\/wp-json\/wp\/v2\/comments?post=3519"}],"version-history":[{"count":5,"href":"https:\/\/www.demirglobal.com.tr\/en\/wp-json\/wp\/v2\/pages\/3519\/revisions"}],"predecessor-version":[{"id":3525,"href":"https:\/\/www.demirglobal.com.tr\/en\/wp-json\/wp\/v2\/pages\/3519\/revisions\/3525"}],"wp:attachment":[{"href":"https:\/\/www.demirglobal.com.tr\/en\/wp-json\/wp\/v2\/media?parent=3519"}],"curies":[{"name":"wp","href":"https:\/\/api.w.org\/{rel}","templated":true}]}}